{"id":9,"date":"2021-08-06T16:53:54","date_gmt":"2021-08-06T19:53:54","guid":{"rendered":"https:\/\/acervo.unipampa.edu.br\/proddoc\/mapadosite\/"},"modified":"2026-04-30T21:15:06","modified_gmt":"2026-05-01T00:15:06","slug":"mapadosite","status":"publish","type":"page","link":"https:\/\/acervo.unipampa.edu.br\/proddoc\/mapadosite\/","title":{"rendered":"Mapa do site"},"content":{"rendered":"<h4>P\u00e1ginas<\/h4><ul><li class=\"page_item page-item-5207\"><a href=\"https:\/\/acervo.unipampa.edu.br\/proddoc\/artigos\/\">Artigos<\/a><\/li>\n<li class=\"page_item page-item-129\"><a href=\"https:\/\/acervo.unipampa.edu.br\/proddoc\/contatos\/\">Contato<\/a><\/li>\n<li class=\"page_item page-item-35\"><a href=\"https:\/\/acervo.unipampa.edu.br\/proddoc\/equipe\/\">Equipe<\/a><\/li>\n<li class=\"page_item page-item-2214\"><a href=\"https:\/\/acervo.unipampa.edu.br\/proddoc\/espaco-fisico\/\">Espa\u00e7o F\u00edsico<\/a><\/li>\n<li class=\"page_item page-item-86\"><a href=\"https:\/\/acervo.unipampa.edu.br\/proddoc\/grupo-de-pesquisa\/\">Grupo de Pesquisa<\/a><\/li>\n<li class=\"page_item page-item-1657\"><a href=\"https:\/\/acervo.unipampa.edu.br\/proddoc\/historico-do-programa\/\">Hist\u00f3rico do Programa<\/a><\/li>\n<li class=\"page_item page-item-9\"><a href=\"https:\/\/acervo.unipampa.edu.br\/proddoc\/mapadosite\/\">Mapa do site<\/a><\/li>\n<li class=\"page_item page-item-41\"><a href=\"https:\/\/acervo.unipampa.edu.br\/proddoc\/noticias\/\">Not\u00edcias<\/a><\/li>\n<li class=\"page_item page-item-2\"><a href=\"https:\/\/acervo.unipampa.edu.br\/proddoc\/pagina-exemplo\/\">P\u00e1gina de exemplo<\/a><\/li>\n<li class=\"page_item page-item-42\"><a href=\"https:\/\/acervo.unipampa.edu.br\/proddoc\/scanner-planetario\/\">Scanner Planet\u00e1rio<\/a><\/li>\n<li class=\"page_item page-item-124\"><a href=\"https:\/\/acervo.unipampa.edu.br\/proddoc\/\">Sobre o Programa<\/a><\/li>\n<\/ul><h4>Publica\u00e7\u00f5es <\/h4><ul class=\"sitemapul\"><li><a href=\"https:\/\/acervo.unipampa.edu.br\/proddoc\/?p=6747\" rel=\"bookmark\" class=\"linktag\">PRODDOC foi selecionado para participar do \u201c42\u00ba SEURS - A Extens\u00e3o que queremos\u201d<\/a><\/li><li><a href=\"https:\/\/acervo.unipampa.edu.br\/proddoc\/?p=6702\" rel=\"bookmark\" class=\"linktag\">PRODDOC no 15\u00ba. SIEPE: celebrando 10 anos de comprometimento com a Hist\u00f3ria de Jaguar\u00e3o<\/a><\/li><li><a href=\"https:\/\/acervo.unipampa.edu.br\/proddoc\/?p=6632\" rel=\"bookmark\" class=\"linktag\">PRODDOC participa do\u00a0\u201cII Webin\u00e1rio \u2013 Relatos de Experi\u00eancias\u201d\u00a0do Curso de Forma\u00e7\u00e3o Continuada Mem\u00f3ria e Patrim\u00f4nio, Participa\u00e7\u00e3o Social e Institucionalidade, do Rio Grande do Sul<\/a><\/li><li><a href=\"https:\/\/acervo.unipampa.edu.br\/proddoc\/?p=6664\" rel=\"bookmark\" class=\"linktag\">Unipampa -\u00a0Campus Jaguar\u00e3o recebe a visita de alunos da EMEF Manoel Pereira Vargas no PRODDOC, que conta com novas atividades<\/a><\/li><li><a href=\"https:\/\/acervo.unipampa.edu.br\/proddoc\/?p=6654\" rel=\"bookmark\" class=\"linktag\">Campus Jaguar\u00e3o recebe visita do Instituto Hist\u00f3rico e Geogr\u00e1fico do munic\u00edpio<\/a><\/li><li><a href=\"https:\/\/acervo.unipampa.edu.br\/proddoc\/?p=3108\" rel=\"bookmark\" class=\"linktag\">PRODDOC d\u00e1 continuidade \u00e0 publica\u00e7\u00e3o de fontes hist\u00f3ricas<\/a><\/li><li><a href=\"https:\/\/acervo.unipampa.edu.br\/proddoc\/?p=6649\" rel=\"bookmark\" class=\"linktag\">Projeto de extens\u00e3o lan\u00e7a site com acervo hist\u00f3rico digital<\/a><\/li><li><a href=\"https:\/\/sites.unipampa.edu.br\/proddoc\/?p=121\" rel=\"bookmark\" class=\"linktag\">Editais de Sele\u00e7\u00e3o de Bolsistas<\/a><\/li><\/ul><p><a href=\"https:\/\/acervo.unipampa.edu.br\/proddoc\">Mais publica\u00e7\u00f5es...<\/a><\/p><h4>Categorias<\/h4><ul class=\"sitemapul\"><li class=\"pages-list\"><a href=\"https:\/\/acervo.unipampa.edu.br\/proddoc\/category\/noticias\/\">Not\u00edcias<\/a><\/li><li class=\"pages-list\"><a href=\"https:\/\/acervo.unipampa.edu.br\/proddoc\/category\/sem-categoria\/\">Sem categoria<\/a><\/li><\/ul><h4>Tags<\/h4><ul class=\"sitemapul\"><li>N\u00e3o h\u00e1 tags.<\/li><\/ul>\n","protected":false},"excerpt":{"rendered":"","protected":false},"author":2,"featured_media":0,"parent":0,"menu_order":0,"comment_status":"closed","ping_status":"closed","template":"","meta":{"footnotes":""},"_links":{"self":[{"href":"https:\/\/acervo.unipampa.edu.br\/proddoc\/wp-json\/wp\/v2\/pages\/9"}],"collection":[{"href":"https:\/\/acervo.unipampa.edu.br\/proddoc\/wp-json\/wp\/v2\/pages"}],"about":[{"href":"https:\/\/acervo.unipampa.edu.br\/proddoc\/wp-json\/wp\/v2\/types\/page"}],"author":[{"embeddable":true,"href":"https:\/\/acervo.unipampa.edu.br\/proddoc\/wp-json\/wp\/v2\/users\/2"}],"replies":[{"embeddable":true,"href":"https:\/\/acervo.unipampa.edu.br\/proddoc\/wp-json\/wp\/v2\/comments?post=9"}],"version-history":[{"count":1,"href":"https:\/\/acervo.unipampa.edu.br\/proddoc\/wp-json\/wp\/v2\/pages\/9\/revisions"}],"predecessor-version":[{"id":10,"href":"https:\/\/acervo.unipampa.edu.br\/proddoc\/wp-json\/wp\/v2\/pages\/9\/revisions\/10"}],"wp:attachment":[{"href":"https:\/\/acervo.unipampa.edu.br\/proddoc\/wp-json\/wp\/v2\/media?parent=9"}],"curies":[{"name":"wp","href":"https:\/\/api.w.org\/{rel}","templated":true}]}}