{"id":86,"date":"2020-08-21T09:56:54","date_gmt":"2020-08-21T12:56:54","guid":{"rendered":"https:\/\/sites.unipampa.edu.br\/proddoc\/?page_id=86"},"modified":"2024-10-14T18:56:43","modified_gmt":"2024-10-14T21:56:43","slug":"grupo-de-pesquisa","status":"publish","type":"page","link":"https:\/\/acervo.unipampa.edu.br\/proddoc\/grupo-de-pesquisa\/","title":{"rendered":"Grupo de Pesquisa"},"content":{"rendered":"<p style=\"text-align: justify\">O Grupo de Pesquisa <strong>&#8220;Digitaliza\u00e7\u00e3o de Acervos Hist\u00f3ricos&#8221;<\/strong>, cadastrado no <strong>CNPq<\/strong>, surgiu da necessidade de implementar uma plataforma digital para a preserva\u00e7\u00e3o e difus\u00e3o do acervo hist\u00f3rico que foi digitalizado pelo programa de extens\u00e3o <strong>&#8220;Cataloga\u00e7\u00e3o e Digitaliza\u00e7\u00e3o de Documenta\u00e7\u00e3o Hist\u00f3rica&#8221;<\/strong>. Este grupo \u00e9 composto por professores, t\u00e9cnicos e discentes da <strong>Universidade Federal do Pampa<\/strong>, com o objetivo de pesquisar solu\u00e7\u00f5es para a disponibiliza\u00e7\u00e3o do acervo hist\u00f3rico digitalizado do <strong>Instituto Hist\u00f3rico e Geogr\u00e1fico de Jaguar\u00e3o (IHGJ)<\/strong>\u00a0 em s\u00edtio eletr\u00f4nico.<\/p>\n<ul style=\"text-align: justify\">\n<li><strong>Coordenador:<\/strong>\n<ul>\n<li>Prof. Dr. Alexandre dos Santos Villas B\u00f4as (<a href=\"http:\/\/lattes.cnpq.br\/0900675813451649\" target=\"_blank\" rel=\"noopener\">http:\/\/lattes.cnpq.br\/0900675813451649<\/a>)<\/li>\n<\/ul>\n<\/li>\n<\/ul>\n<ul style=\"text-align: justify\">\n<li><strong>Componentes:<\/strong>\n<ul>\n<li>Dr. Alan Dutra de Melo (<a href=\"http:\/\/lattes.cnpq.br\/0089222230213679\" target=\"_blank\" rel=\"noopener\">http:\/\/lattes.cnpq.br\/0089222230213679<\/a>)<\/li>\n<li>Ms. Vanessa Abreu Dias (<a href=\"http:\/\/lattes.cnpq.br\/4761484174675813\" target=\"_blank\" rel=\"noopener\">http:\/\/lattes.cnpq.br\/4761484174675813<\/a>)<\/li>\n<\/ul>\n<\/li>\n<\/ul>\n<p>&nbsp;<\/p>\n","protected":false},"excerpt":{"rendered":"<p>O Grupo de Pesquisa &#8220;Digitaliza\u00e7\u00e3o de Acervos Hist\u00f3ricos&#8221;, cadastrado no CNPq, surgiu da necessidade de implementar uma plataforma digital para a preserva\u00e7\u00e3o e difus\u00e3o do acervo hist\u00f3rico que foi digitalizado pelo programa de extens\u00e3o &#8220;Cataloga\u00e7\u00e3o e Digitaliza\u00e7\u00e3o de Documenta\u00e7\u00e3o Hist\u00f3rica&#8221;. Este grupo \u00e9 composto por professores, t\u00e9cnicos e discentes da Universidade Federal do Pampa, com [&hellip;]<\/p>\n","protected":false},"author":5,"featured_media":0,"parent":0,"menu_order":0,"comment_status":"closed","ping_status":"closed","template":"","meta":{"footnotes":""},"_links":{"self":[{"href":"https:\/\/acervo.unipampa.edu.br\/proddoc\/wp-json\/wp\/v2\/pages\/86"}],"collection":[{"href":"https:\/\/acervo.unipampa.edu.br\/proddoc\/wp-json\/wp\/v2\/pages"}],"about":[{"href":"https:\/\/acervo.unipampa.edu.br\/proddoc\/wp-json\/wp\/v2\/types\/page"}],"author":[{"embeddable":true,"href":"https:\/\/acervo.unipampa.edu.br\/proddoc\/wp-json\/wp\/v2\/users\/5"}],"replies":[{"embeddable":true,"href":"https:\/\/acervo.unipampa.edu.br\/proddoc\/wp-json\/wp\/v2\/comments?post=86"}],"version-history":[{"count":6,"href":"https:\/\/acervo.unipampa.edu.br\/proddoc\/wp-json\/wp\/v2\/pages\/86\/revisions"}],"predecessor-version":[{"id":11283,"href":"https:\/\/acervo.unipampa.edu.br\/proddoc\/wp-json\/wp\/v2\/pages\/86\/revisions\/11283"}],"wp:attachment":[{"href":"https:\/\/acervo.unipampa.edu.br\/proddoc\/wp-json\/wp\/v2\/media?parent=86"}],"curies":[{"name":"wp","href":"https:\/\/api.w.org\/{rel}","templated":true}]}}