{"id":5207,"date":"2023-10-03T06:52:40","date_gmt":"2023-10-03T09:52:40","guid":{"rendered":"https:\/\/acervo.unipampa.edu.br\/proddoc\/?page_id=5207"},"modified":"2023-10-09T04:48:31","modified_gmt":"2023-10-09T07:48:31","slug":"artigos","status":"publish","type":"page","link":"https:\/\/acervo.unipampa.edu.br\/proddoc\/artigos\/","title":{"rendered":"Artigos"},"content":{"rendered":"<p style=\"text-align: justify\">A divulga\u00e7\u00e3o dos resultados obtidos pelo programa de extens\u00e3o <a href=\"https:\/\/acervo.unipampa.edu.br\/proddoc\/\" target=\"_blank\" rel=\"noopener\">PRODDOC<\/a> ocorre principalmente por meio da publica\u00e7\u00e3o de artigos em revistas cient\u00edficas e eventos acad\u00eamicos. Esses canais desempenham um papel essencial na dissemina\u00e7\u00e3o das pesquisas e atividades realizadas pelo programa, permitindo que essas informa\u00e7\u00f5es alcancem um p\u00fablico abrangente dentro da comunidade acad\u00eamica e cient\u00edfica. A publica\u00e7\u00e3o de artigos representa uma contribui\u00e7\u00e3o significativa que solidifica a posi\u00e7\u00e3o do PRODDOC como uma refer\u00eancia na preserva\u00e7\u00e3o do patrim\u00f4nio hist\u00f3rico e na aplica\u00e7\u00e3o de tecnologias avan\u00e7adas de digitaliza\u00e7\u00e3o e cataloga\u00e7\u00e3o.<\/p>\n<p style=\"text-align: justify\">Ao compartilhar seus resultados em revistas especializadas e eventos cient\u00edficos, o PRODDOC n\u00e3o apenas amplia sua influ\u00eancia, mas tamb\u00e9m abre portas para a troca de conhecimentos e a forma\u00e7\u00e3o de parcerias. A exposi\u00e7\u00e3o dos trabalhos do programa a pesquisadores, acad\u00eamicos, profissionais e entusiastas interessados no campo do patrim\u00f4nio hist\u00f3rico estimula o di\u00e1logo e enriquece mutuamente o conhecimento.<\/p>\n<p style=\"text-align: justify\">A publica\u00e7\u00e3o de artigos confere ao PRODDOC reconhecimento e visibilidade que ultrapassam as fronteiras institucionais, impulsionando seu crescimento e aumentando sua capacidade de contribuir de forma positiva para a preserva\u00e7\u00e3o e dissemina\u00e7\u00e3o do patrim\u00f4nio hist\u00f3rico regional.<\/p>\n<p><em><strong>\u279c <\/strong><\/em>Acesse nossas publica\u00e7\u00f5es:<\/p>\n<ul>\n<li style=\"list-style-type: none\">\n<ul>\n<li><a href=\"https:\/\/acervo.unipampa.edu.br\/proddoc\/proddoc-no-seculo-xxi-artigos\/\" target=\"_blank\" rel=\"noopener\">PRODDOC no s\u00e9culo XXI &#8211; ARTIGOS<\/a><\/li>\n<\/ul>\n<\/li>\n<\/ul>\n","protected":false},"excerpt":{"rendered":"<p>A divulga\u00e7\u00e3o dos resultados obtidos pelo programa de extens\u00e3o PRODDOC ocorre principalmente por meio da publica\u00e7\u00e3o de artigos em revistas cient\u00edficas e eventos acad\u00eamicos. Esses canais desempenham um papel essencial na dissemina\u00e7\u00e3o das pesquisas e atividades realizadas pelo programa, permitindo que essas informa\u00e7\u00f5es alcancem um p\u00fablico abrangente dentro da comunidade acad\u00eamica e cient\u00edfica. A publica\u00e7\u00e3o [&hellip;]<\/p>\n","protected":false},"author":17,"featured_media":0,"parent":0,"menu_order":0,"comment_status":"closed","ping_status":"closed","template":"","meta":{"footnotes":""},"_links":{"self":[{"href":"https:\/\/acervo.unipampa.edu.br\/proddoc\/wp-json\/wp\/v2\/pages\/5207"}],"collection":[{"href":"https:\/\/acervo.unipampa.edu.br\/proddoc\/wp-json\/wp\/v2\/pages"}],"about":[{"href":"https:\/\/acervo.unipampa.edu.br\/proddoc\/wp-json\/wp\/v2\/types\/page"}],"author":[{"embeddable":true,"href":"https:\/\/acervo.unipampa.edu.br\/proddoc\/wp-json\/wp\/v2\/users\/17"}],"replies":[{"embeddable":true,"href":"https:\/\/acervo.unipampa.edu.br\/proddoc\/wp-json\/wp\/v2\/comments?post=5207"}],"version-history":[{"count":7,"href":"https:\/\/acervo.unipampa.edu.br\/proddoc\/wp-json\/wp\/v2\/pages\/5207\/revisions"}],"predecessor-version":[{"id":5708,"href":"https:\/\/acervo.unipampa.edu.br\/proddoc\/wp-json\/wp\/v2\/pages\/5207\/revisions\/5708"}],"wp:attachment":[{"href":"https:\/\/acervo.unipampa.edu.br\/proddoc\/wp-json\/wp\/v2\/media?parent=5207"}],"curies":[{"name":"wp","href":"https:\/\/api.w.org\/{rel}","templated":true}]}}