{"id":42,"date":"2021-08-13T08:57:21","date_gmt":"2021-08-13T11:57:21","guid":{"rendered":"https:\/\/acervo.unipampa.edu.br\/proddoc\/?page_id=42"},"modified":"2023-10-03T05:10:45","modified_gmt":"2023-10-03T08:10:45","slug":"scanner-planetario","status":"publish","type":"page","link":"https:\/\/acervo.unipampa.edu.br\/proddoc\/scanner-planetario\/","title":{"rendered":"Scanner Planet\u00e1rio"},"content":{"rendered":"<div class=\"entry-content\">\n<p style=\"text-align: justify\">O equipamento utilizado para a digitaliza\u00e7\u00e3o dos documentos hist\u00f3ricos no programa de extens\u00e3o denomina-se <strong><em>scanner<\/em> planet\u00e1rio Zeutschel 12000<\/strong>, com as seguintes caracter\u00edsticas:<\/p>\n<ul>\n<li style=\"text-align: justify\">Capta\u00e7\u00e3o de imagens atrav\u00e9s de CCD de Linha, que \u00e9 um dos melhores sistemas de captura de imagens, gerando imagens com melhor qualidade;<\/li>\n<\/ul>\n<ul>\n<li style=\"text-align: justify\">Sistema de ilumina\u00e7\u00e3o por varrimento vertical, que elimina totalmente a presen\u00e7a de sombras junto \u00e0 lombada dos livros;<\/li>\n<\/ul>\n<ul>\n<li style=\"text-align: justify\">Ilumina\u00e7\u00e3o LED\u2019s por reflex\u00e3o em espelhos, que permite excelente ilumina\u00e7\u00e3o sobre os documentos, independentemente das condi\u00e7\u00f5es de ilumina\u00e7\u00e3o da sala, al\u00e9m de n\u00e3o expor os originais a radia\u00e7\u00e3o de raios Ultravioleta e Infravermelho que danificam as publica\u00e7\u00f5es;<\/li>\n<\/ul>\n<ul>\n<li style=\"text-align: justify\">Compensador de lombadas, para melhor acomoda\u00e7\u00e3o da lombada dos livros, com bot\u00f5es de disparo do scanner integrados;<\/li>\n<\/ul>\n<ul>\n<li style=\"text-align: justify\">Sa\u00edda das imagens atrav\u00e9s de envio para e-mail ou salvamento em m\u00eddias f\u00edsicas como HD, DVD, pendrive.<\/li>\n<\/ul>\n<p>&nbsp;<\/p>\n<p><img decoding=\"async\" loading=\"lazy\" class=\" wp-image-2199 aligncenter\" src=\"https:\/\/acervo.unipampa.edu.br\/proddoc\/wp-content\/uploads\/sites\/2\/2021\/12\/whatsapp-image-2021-12-09-at-18-19-42-225x300.jpeg\" alt=\"\" width=\"368\" height=\"491\" srcset=\"https:\/\/acervo.unipampa.edu.br\/proddoc\/wp-content\/uploads\/sites\/2\/2021\/12\/whatsapp-image-2021-12-09-at-18-19-42-225x300.jpeg 225w, https:\/\/acervo.unipampa.edu.br\/proddoc\/wp-content\/uploads\/sites\/2\/2021\/12\/whatsapp-image-2021-12-09-at-18-19-42-768x1024.jpeg 768w, https:\/\/acervo.unipampa.edu.br\/proddoc\/wp-content\/uploads\/sites\/2\/2021\/12\/whatsapp-image-2021-12-09-at-18-19-42-1152x1536.jpeg 1152w, https:\/\/acervo.unipampa.edu.br\/proddoc\/wp-content\/uploads\/sites\/2\/2021\/12\/whatsapp-image-2021-12-09-at-18-19-42-205x273.jpeg 205w, https:\/\/acervo.unipampa.edu.br\/proddoc\/wp-content\/uploads\/sites\/2\/2021\/12\/whatsapp-image-2021-12-09-at-18-19-42.jpeg 1200w\" sizes=\"(max-width: 368px) 100vw, 368px\" \/><\/p>\n<\/div>\n","protected":false},"excerpt":{"rendered":"<p>O equipamento utilizado para a digitaliza\u00e7\u00e3o dos documentos hist\u00f3ricos no programa de extens\u00e3o denomina-se scanner planet\u00e1rio Zeutschel 12000, com as seguintes caracter\u00edsticas: Capta\u00e7\u00e3o de imagens atrav\u00e9s de CCD de Linha, que \u00e9 um dos melhores sistemas de captura de imagens, gerando imagens com melhor qualidade; Sistema de ilumina\u00e7\u00e3o por varrimento vertical, que elimina totalmente a [&hellip;]<\/p>\n","protected":false},"author":5,"featured_media":0,"parent":0,"menu_order":0,"comment_status":"closed","ping_status":"closed","template":"","meta":{"footnotes":""},"_links":{"self":[{"href":"https:\/\/acervo.unipampa.edu.br\/proddoc\/wp-json\/wp\/v2\/pages\/42"}],"collection":[{"href":"https:\/\/acervo.unipampa.edu.br\/proddoc\/wp-json\/wp\/v2\/pages"}],"about":[{"href":"https:\/\/acervo.unipampa.edu.br\/proddoc\/wp-json\/wp\/v2\/types\/page"}],"author":[{"embeddable":true,"href":"https:\/\/acervo.unipampa.edu.br\/proddoc\/wp-json\/wp\/v2\/users\/5"}],"replies":[{"embeddable":true,"href":"https:\/\/acervo.unipampa.edu.br\/proddoc\/wp-json\/wp\/v2\/comments?post=42"}],"version-history":[{"count":10,"href":"https:\/\/acervo.unipampa.edu.br\/proddoc\/wp-json\/wp\/v2\/pages\/42\/revisions"}],"predecessor-version":[{"id":5194,"href":"https:\/\/acervo.unipampa.edu.br\/proddoc\/wp-json\/wp\/v2\/pages\/42\/revisions\/5194"}],"wp:attachment":[{"href":"https:\/\/acervo.unipampa.edu.br\/proddoc\/wp-json\/wp\/v2\/media?parent=42"}],"curies":[{"name":"wp","href":"https:\/\/api.w.org\/{rel}","templated":true}]}}