{"id":2214,"date":"2021-12-21T08:14:02","date_gmt":"2021-12-21T11:14:02","guid":{"rendered":"https:\/\/acervo.unipampa.edu.br\/proddoc\/?page_id=2214"},"modified":"2023-11-04T12:42:18","modified_gmt":"2023-11-04T15:42:18","slug":"espaco-fisico","status":"publish","type":"page","link":"https:\/\/acervo.unipampa.edu.br\/proddoc\/espaco-fisico\/","title":{"rendered":"Espa\u00e7o F\u00edsico"},"content":{"rendered":"<p style=\"text-align: justify\"><span style=\"font-weight: 400\">Em 2021, o <a href=\"https:\/\/www.facebook.com\/projetodigitalizacao\" target=\"_blank\" rel=\"noopener\"><strong>PRODDOC<\/strong><\/a> foi contemplado com um espa\u00e7o f\u00edsico mais amplo para a execu\u00e7\u00e3o de suas atividades prim\u00e1rias, tendo ocorrido em 02 de dezembro a transfer\u00eancia do scanner planet\u00e1rio modelo <\/span><i><span style=\"font-weight: 400\">Zeutschel OS12000<\/span><\/i><span style=\"font-weight: 400\">, da biblioteca para a <strong>sala 302<\/strong>\u00a0do <strong>pr\u00e9dio acad\u00eamico II<\/strong>, no Campus Jaguar\u00e3o. O equipamento foi especialmente adquirido pela <strong>UNIPAMPA<\/strong>\u00a0para a digitaliza\u00e7\u00e3o, sem perda de qualidade e em conson\u00e2ncia com as normas arquiv\u00edsticas, de documentos hist\u00f3ricos em grande formato. A nova sala tamb\u00e9m proporciona a pr\u00e1tica de outras atividades inerentes \u00e0s a\u00e7\u00f5es de ensino, pesquisa e extens\u00e3o universit\u00e1ria, como a higieniza\u00e7\u00e3o da documenta\u00e7\u00e3o tratada pelo programa e a realiza\u00e7\u00e3o de cursos e apresenta\u00e7\u00f5es.<\/span><\/p>\n<p><img decoding=\"async\" loading=\"lazy\" class=\"wp-image-2198 alignleft\" src=\"https:\/\/acervo.unipampa.edu.br\/proddoc\/wp-content\/uploads\/sites\/2\/2021\/12\/whatsapp-image-2021-12-09-at-18-19-37-225x300.jpeg\" alt=\"\" width=\"276\" height=\"368\" srcset=\"https:\/\/acervo.unipampa.edu.br\/proddoc\/wp-content\/uploads\/sites\/2\/2021\/12\/whatsapp-image-2021-12-09-at-18-19-37-225x300.jpeg 225w, https:\/\/acervo.unipampa.edu.br\/proddoc\/wp-content\/uploads\/sites\/2\/2021\/12\/whatsapp-image-2021-12-09-at-18-19-37-768x1024.jpeg 768w, https:\/\/acervo.unipampa.edu.br\/proddoc\/wp-content\/uploads\/sites\/2\/2021\/12\/whatsapp-image-2021-12-09-at-18-19-37-1152x1536.jpeg 1152w, https:\/\/acervo.unipampa.edu.br\/proddoc\/wp-content\/uploads\/sites\/2\/2021\/12\/whatsapp-image-2021-12-09-at-18-19-37-205x273.jpeg 205w, https:\/\/acervo.unipampa.edu.br\/proddoc\/wp-content\/uploads\/sites\/2\/2021\/12\/whatsapp-image-2021-12-09-at-18-19-37.jpeg 1200w\" sizes=\"(max-width: 276px) 100vw, 276px\" \/><img decoding=\"async\" loading=\"lazy\" class=\"wp-image-2200 alignright\" src=\"https:\/\/acervo.unipampa.edu.br\/proddoc\/wp-content\/uploads\/sites\/2\/2021\/12\/whatsapp-image-2021-12-09-at-18-19-46-300x225.jpeg\" alt=\"\" width=\"490\" height=\"368\" srcset=\"https:\/\/acervo.unipampa.edu.br\/proddoc\/wp-content\/uploads\/sites\/2\/2021\/12\/whatsapp-image-2021-12-09-at-18-19-46-300x225.jpeg 300w, https:\/\/acervo.unipampa.edu.br\/proddoc\/wp-content\/uploads\/sites\/2\/2021\/12\/whatsapp-image-2021-12-09-at-18-19-46-1024x768.jpeg 1024w, https:\/\/acervo.unipampa.edu.br\/proddoc\/wp-content\/uploads\/sites\/2\/2021\/12\/whatsapp-image-2021-12-09-at-18-19-46-768x576.jpeg 768w, https:\/\/acervo.unipampa.edu.br\/proddoc\/wp-content\/uploads\/sites\/2\/2021\/12\/whatsapp-image-2021-12-09-at-18-19-46-1536x1152.jpeg 1536w, https:\/\/acervo.unipampa.edu.br\/proddoc\/wp-content\/uploads\/sites\/2\/2021\/12\/whatsapp-image-2021-12-09-at-18-19-46-205x154.jpeg 205w, https:\/\/acervo.unipampa.edu.br\/proddoc\/wp-content\/uploads\/sites\/2\/2021\/12\/whatsapp-image-2021-12-09-at-18-19-46.jpeg 1600w\" sizes=\"(max-width: 490px) 100vw, 490px\" \/><\/p>\n<p>&nbsp;<\/p>\n","protected":false},"excerpt":{"rendered":"<p>Em 2021, o PRODDOC foi contemplado com um espa\u00e7o f\u00edsico mais amplo para a execu\u00e7\u00e3o de suas atividades prim\u00e1rias, tendo ocorrido em 02 de dezembro a transfer\u00eancia do scanner planet\u00e1rio modelo Zeutschel OS12000, da biblioteca para a sala 302\u00a0do pr\u00e9dio acad\u00eamico II, no Campus Jaguar\u00e3o. O equipamento foi especialmente adquirido pela UNIPAMPA\u00a0para a digitaliza\u00e7\u00e3o, sem [&hellip;]<\/p>\n","protected":false},"author":5,"featured_media":0,"parent":0,"menu_order":0,"comment_status":"closed","ping_status":"closed","template":"","meta":{"footnotes":""},"_links":{"self":[{"href":"https:\/\/acervo.unipampa.edu.br\/proddoc\/wp-json\/wp\/v2\/pages\/2214"}],"collection":[{"href":"https:\/\/acervo.unipampa.edu.br\/proddoc\/wp-json\/wp\/v2\/pages"}],"about":[{"href":"https:\/\/acervo.unipampa.edu.br\/proddoc\/wp-json\/wp\/v2\/types\/page"}],"author":[{"embeddable":true,"href":"https:\/\/acervo.unipampa.edu.br\/proddoc\/wp-json\/wp\/v2\/users\/5"}],"replies":[{"embeddable":true,"href":"https:\/\/acervo.unipampa.edu.br\/proddoc\/wp-json\/wp\/v2\/comments?post=2214"}],"version-history":[{"count":13,"href":"https:\/\/acervo.unipampa.edu.br\/proddoc\/wp-json\/wp\/v2\/pages\/2214\/revisions"}],"predecessor-version":[{"id":5156,"href":"https:\/\/acervo.unipampa.edu.br\/proddoc\/wp-json\/wp\/v2\/pages\/2214\/revisions\/5156"}],"wp:attachment":[{"href":"https:\/\/acervo.unipampa.edu.br\/proddoc\/wp-json\/wp\/v2\/media?parent=2214"}],"curies":[{"name":"wp","href":"https:\/\/api.w.org\/{rel}","templated":true}]}}