{"id":129,"date":"2019-11-06T14:34:02","date_gmt":"2019-11-06T17:34:02","guid":{"rendered":"https:\/\/sites.unipampa.edu.br\/proddoc\/?page_id=47"},"modified":"2023-11-08T18:32:50","modified_gmt":"2023-11-08T21:32:50","slug":"contatos","status":"publish","type":"page","link":"https:\/\/acervo.unipampa.edu.br\/proddoc\/contatos\/","title":{"rendered":"Contato"},"content":{"rendered":"<p><strong>Universidade Federal do Pampa &#8211; <\/strong><strong>Campus Jaguar\u00e3o<br \/>\n<\/strong><strong>PRODDOC &#8211; Pr\u00e9dio Acad\u00eamico II &#8211; Sala 302<br \/>\n<\/strong>Rua Conselheiro Diana, S\/N<br \/>\nJaguar\u00e3o\/ RS<br \/>\n96300-000<\/p>\n<p>E-mail: unipampaproddoc@gmail.com<\/p>\n<p>Facebook: <a href=\"https:\/\/www.facebook.com\/proddocunipampa\">https:\/\/www.facebook.com\/proddocunipampa<\/a><\/p>\n<p>Instagram: <a href=\"https:\/\/www.instagram.com\/proddocunipampa\/\">https:\/\/www.instagram.com\/proddocunipampa\/<\/a><\/p>\n<p>YouTube: <a href=\"https:\/\/www.youtube.com\/@ProddocUnipampa\">https:\/\/www.youtube.com\/@ProddocUnipampa<\/a><\/p>\n<p>X Twitter: <a href=\"https:\/\/twitter.com\/ProddocUnipampa\">https:\/\/twitter.com\/ProddocUnipampa<\/a><\/p>\n<p>&nbsp;<\/p>\n","protected":false},"excerpt":{"rendered":"<p>Universidade Federal do Pampa &#8211; Campus Jaguar\u00e3o PRODDOC &#8211; Pr\u00e9dio Acad\u00eamico II &#8211; Sala 302 Rua Conselheiro Diana, S\/N Jaguar\u00e3o\/ RS 96300-000 E-mail: unipampaproddoc@gmail.com Facebook: https:\/\/www.facebook.com\/proddocunipampa Instagram: https:\/\/www.instagram.com\/proddocunipampa\/ YouTube: https:\/\/www.youtube.com\/@ProddocUnipampa X Twitter: https:\/\/twitter.com\/ProddocUnipampa &nbsp;<\/p>\n","protected":false},"author":5,"featured_media":0,"parent":0,"menu_order":0,"comment_status":"closed","ping_status":"closed","template":"","meta":{"footnotes":""},"_links":{"self":[{"href":"https:\/\/acervo.unipampa.edu.br\/proddoc\/wp-json\/wp\/v2\/pages\/129"}],"collection":[{"href":"https:\/\/acervo.unipampa.edu.br\/proddoc\/wp-json\/wp\/v2\/pages"}],"about":[{"href":"https:\/\/acervo.unipampa.edu.br\/proddoc\/wp-json\/wp\/v2\/types\/page"}],"author":[{"embeddable":true,"href":"https:\/\/acervo.unipampa.edu.br\/proddoc\/wp-json\/wp\/v2\/users\/5"}],"replies":[{"embeddable":true,"href":"https:\/\/acervo.unipampa.edu.br\/proddoc\/wp-json\/wp\/v2\/comments?post=129"}],"version-history":[{"count":9,"href":"https:\/\/acervo.unipampa.edu.br\/proddoc\/wp-json\/wp\/v2\/pages\/129\/revisions"}],"predecessor-version":[{"id":5153,"href":"https:\/\/acervo.unipampa.edu.br\/proddoc\/wp-json\/wp\/v2\/pages\/129\/revisions\/5153"}],"wp:attachment":[{"href":"https:\/\/acervo.unipampa.edu.br\/proddoc\/wp-json\/wp\/v2\/media?parent=129"}],"curies":[{"name":"wp","href":"https:\/\/api.w.org\/{rel}","templated":true}]}}